{"id":10,"date":"2023-05-25T05:40:06","date_gmt":"2023-05-25T05:40:06","guid":{"rendered":"https:\/\/lapeneria.com\/?page_id=10"},"modified":"2023-06-03T05:57:00","modified_gmt":"2023-06-03T05:57:00","slug":"inicio","status":"publish","type":"page","link":"https:\/\/lapeneria.com\/","title":{"rendered":"Inicio"},"content":{"rendered":"<div class=\"flex-1 overflow-hidden\">\n<div class=\"react-scroll-to-bottom--css-eweve-79elbk h-full dark:bg-gray-800\">\n<div class=\"react-scroll-to-bottom--css-eweve-1n7m0yu\">\n<div class=\"flex flex-col text-sm dark:bg-gray-800\">\n<div class=\"group w-full text-gray-800 dark:text-gray-100 border-b border-black\/10 dark:border-gray-900\/50 bg-gray-50 dark:bg-[#444654]\">\n<div class=\"flex p-4 gap-4 text-base md:gap-6 md:max-w-2xl lg:max-w-xl xl:max-w-3xl md:py-6 lg:px-0 m-auto\">\n<div class=\"relative flex w-[calc(100%-50px)] flex-col gap-1 md:gap-3 lg:w-[calc(100%-115px)]\">\n<div class=\"flex flex-grow flex-col gap-3\">\n<div class=\"flex flex-col items-start gap-4 whitespace-pre-wrap break-words\">\n<div class=\"markdown prose w-full break-words dark:prose-invert dark\">\n<h2 style=\"text-align: center;\"><span style=\"color: #f5009c;\"><strong>\u00a1Bienvenido a La Peneria, el sitio donde se encuentran la diversi\u00f3n los sabores y el contenido mas sexy!<\/strong><\/span><\/h2>\n<div style=\"width: 648px;\" class=\"wp-video\"><!--[if lt IE 9]><script>document.createElement('video');<\/script><![endif]-->\n<video class=\"wp-video-shortcode\" id=\"video-10-1\" width=\"648\" height=\"365\" preload=\"metadata\" controls=\"controls\"><source type=\"video\/mp4\" src=\"https:\/\/lapeneria.com\/wp-content\/uploads\/2023\/06\/Pink-Blue-Futuristic-Gaming-Channel-Youtube-Intro.mp4?_=1\" \/><a href=\"https:\/\/lapeneria.com\/wp-content\/uploads\/2023\/06\/Pink-Blue-Futuristic-Gaming-Channel-Youtube-Intro.mp4\">https:\/\/lapeneria.com\/wp-content\/uploads\/2023\/06\/Pink-Blue-Futuristic-Gaming-Channel-Youtube-Intro.mp4<\/a><\/video><\/div>\n<p>&nbsp;<\/p>\n<p>En <strong>La Peneria<\/strong>, no solo nos encanta endulzar tus d\u00edas, \u00a1tambi\u00e9n nos apasiona hacerlo de una manera divertida y traviesa! Somos un rinc\u00f3n culinario \u00fanico en el coraz\u00f3n de la vibrante Zona Rosa de Ciudad de M\u00e9xico, donde nuestros irresistibles postres creativos te invitan a dejar de lado las inhibiciones y disfrutar de sabores audaces y formas sorprendentes.<\/p>\n<p>(layout de im\u00e1genes: Im\u00e1genes de personas sonrientes disfrutando de los productos de La Peneria, compartiendo momentos divertidos y coloridos).<\/p>\n<p>En <strong>La Peneria<\/strong>, hemos creado un men\u00fa cautivador que va m\u00e1s all\u00e1 de los postres convencionales. Nuestros famosos waffles en forma de pene, cuidadosamente preparados con ingredientes de alta calidad y cubiertos con deliciosos toppings, son una combinaci\u00f3n perfecta de sabor y diversi\u00f3n. Adem\u00e1s, nuestras <strong>Pitoletas<\/strong>, refrescantes paletas de hielo en forma de pene, te invitan a disfrutar de momentos frescos y llenas de risas en cada lamida.<\/p>\n<p>(layout de im\u00e1genes: Im\u00e1genes close-up de los productos, resaltando los detalles y sabores, con colores llamativos y vibrantes).<\/p>\n<p>En<strong> La Peneria<\/strong>, la diversi\u00f3n est\u00e1 en nuestro ADN. Nuestro ambiente acogedor y alegre te invita a ser t\u00fa mismo, a disfrutar de momentos atrevidos con amigos y seres queridos. Ya sea que est\u00e9s celebrando una despedida de soltera, buscando un lugar \u00fanico para una cita o simplemente deseando satisfacer tus antojos dulces, nuestro equipo amable te recibir\u00e1 con una sonrisa y te har\u00e1 sentir como en casa.<\/p>\n<p>(layout de im\u00e1genes: Im\u00e1genes del ambiente del local, mostrando la decoraci\u00f3n alegre y acogedora, con clientes disfrutando de los productos).<\/p>\n<p>\u00a1S\u00edguenos en esta aventura! En<strong> La Peneria,<\/strong> no nos detenemos en la creaci\u00f3n de postres traviesos, tambi\u00e9n estamos presentes en el mundo digital. S\u00edguenos en nuestras redes sociales para mantenerte al tanto de nuestras \u00faltimas creaciones, promociones y eventos especiales. \u00a1\u00danete a nuestra comunidad y forma parte de esta dulce y divertida experiencia!<\/p>\n<p>(layout de im\u00e1genes: Iconos de redes sociales enlazados a las cuentas de La Peneria en Instagram, Facebook y Twitter).<\/p>\n<p>En La Peneria, te recomendamos sumergirte en un mundo de sabores traviesos y diversi\u00f3n sin l\u00edmites. Prepara tu paladar y d\u00e9jate llevar por una experiencia culinaria \u00fanica en su clase.<\/p>\n<\/div>\n<\/div>\n<\/div>\n<div class=\"flex justify-between lg:block\">\n<div class=\"text-gray-400 flex self-end lg:self-center justify-center mt-2 gap-2 md:gap-3 lg:gap-1 lg:absolute lg:top-0 lg:translate-x-full lg:right-0 lg:mt-0 lg:pl-2 visible\"><\/div>\n<\/div>\n<\/div>\n<\/div>\n<\/div>\n<\/div>\n<p>&nbsp;<\/p>\n<\/div>\n<\/div>\n<\/div>\n","protected":false},"excerpt":{"rendered":"<p>\u00a1Bienvenido a La Peneria, el sitio donde se encuentran la diversi\u00f3n los sabores y el contenido mas sexy! &nbsp; En La Peneria, no solo nos encanta endulzar tus d\u00edas, \u00a1tambi\u00e9n nos apasiona hacerlo de una manera divertida y traviesa! Somos un rinc\u00f3n culinario \u00fanico en el coraz\u00f3n de la vibrante Zona Rosa de Ciudad de [&hellip;]<\/p>\n","protected":false},"author":1,"featured_media":0,"parent":0,"menu_order":0,"comment_status":"closed","ping_status":"closed","template":"","meta":{"_monsterinsights_skip_tracking":false,"_monsterinsights_sitenote_active":false,"_monsterinsights_sitenote_note":"","_monsterinsights_sitenote_category":0,"_background_id":0,"_xo_background":[]},"aioseo_notices":[],"yoast_head":"<!-- This site is optimized with the Yoast SEO plugin v20.8 - https:\/\/yoast.com\/wordpress\/plugins\/seo\/ -->\n<title>Inicio - La Peneria<\/title>\n<meta name=\"robots\" content=\"index, follow, max-snippet:-1, max-image-preview:large, max-video-preview:-1\" \/>\n<link rel=\"canonical\" href=\"https:\/\/lapeneria.com\/\" \/>\n<meta property=\"og:locale\" content=\"en_US\" \/>\n<meta property=\"og:type\" content=\"article\" \/>\n<meta property=\"og:title\" content=\"Inicio - La Peneria\" \/>\n<meta property=\"og:description\" content=\"\u00a1Bienvenido a La Peneria, el sitio donde se encuentran la diversi\u00f3n los sabores y el contenido mas sexy! &nbsp; En La Peneria, no solo nos encanta endulzar tus d\u00edas, \u00a1tambi\u00e9n nos apasiona hacerlo de una manera divertida y traviesa! Somos un rinc\u00f3n culinario \u00fanico en el coraz\u00f3n de la vibrante Zona Rosa de Ciudad de [&hellip;]\" \/>\n<meta property=\"og:url\" content=\"https:\/\/lapeneria.com\/\" \/>\n<meta property=\"og:site_name\" content=\"La Peneria\" \/>\n<meta property=\"article:publisher\" content=\"https:\/\/www.facebook.com\/LaPeneriaCDMX\/\" \/>\n<meta property=\"article:modified_time\" content=\"2023-06-03T05:57:00+00:00\" \/>\n<meta name=\"twitter:card\" content=\"summary_large_image\" \/>\n<meta name=\"twitter:label1\" content=\"Est. reading time\" \/>\n\t<meta name=\"twitter:data1\" content=\"2 minutes\" \/>\n<script type=\"application\/ld+json\" class=\"yoast-schema-graph\">{\"@context\":\"https:\/\/schema.org\",\"@graph\":[{\"@type\":\"WebPage\",\"@id\":\"https:\/\/lapeneria.com\/\",\"url\":\"https:\/\/lapeneria.com\/\",\"name\":\"Inicio - La Peneria\",\"isPartOf\":{\"@id\":\"https:\/\/lapeneria.com\/#website\"},\"datePublished\":\"2023-05-25T05:40:06+00:00\",\"dateModified\":\"2023-06-03T05:57:00+00:00\",\"breadcrumb\":{\"@id\":\"https:\/\/lapeneria.com\/#breadcrumb\"},\"inLanguage\":\"en-US\",\"potentialAction\":[{\"@type\":\"ReadAction\",\"target\":[\"https:\/\/lapeneria.com\/\"]}]},{\"@type\":\"BreadcrumbList\",\"@id\":\"https:\/\/lapeneria.com\/#breadcrumb\",\"itemListElement\":[{\"@type\":\"ListItem\",\"position\":1,\"name\":\"Portada\",\"item\":\"https:\/\/lapeneria.com\/\"},{\"@type\":\"ListItem\",\"position\":2,\"name\":\"Inicio\"}]},{\"@type\":\"WebSite\",\"@id\":\"https:\/\/lapeneria.com\/#website\",\"url\":\"https:\/\/lapeneria.com\/\",\"name\":\"La Peneria\",\"description\":\"Wafles y paletas con forma de pene, vulva o senos. Penewaffles, Pitoletas, Peneluches, Booblewaffles, vulvawaffles  penewafles, peneladas, pitoletas, pelonpelonada, verwuafles, gofres de pene.\",\"publisher\":{\"@id\":\"https:\/\/lapeneria.com\/#organization\"},\"potentialAction\":[{\"@type\":\"SearchAction\",\"target\":{\"@type\":\"EntryPoint\",\"urlTemplate\":\"https:\/\/lapeneria.com\/?s={search_term_string}\"},\"query-input\":\"required name=search_term_string\"}],\"inLanguage\":\"en-US\"},{\"@type\":\"Organization\",\"@id\":\"https:\/\/lapeneria.com\/#organization\",\"name\":\"La Peneria\",\"url\":\"https:\/\/lapeneria.com\/\",\"logo\":{\"@type\":\"ImageObject\",\"inLanguage\":\"en-US\",\"@id\":\"https:\/\/lapeneria.com\/#\/schema\/logo\/image\/\",\"url\":\"https:\/\/lapeneria.com\/wp-content\/uploads\/2023\/05\/4.png\",\"contentUrl\":\"https:\/\/lapeneria.com\/wp-content\/uploads\/2023\/05\/4.png\",\"width\":2560,\"height\":1440,\"caption\":\"La Peneria\"},\"image\":{\"@id\":\"https:\/\/lapeneria.com\/#\/schema\/logo\/image\/\"},\"sameAs\":[\"https:\/\/www.facebook.com\/LaPeneriaCDMX\/\",\"https:\/\/www.instagram.com\/la.peneria.mx\/\",\"https:\/\/www.youtube.com\/@LaPeneria\"]}]}<\/script>\n<!-- \/ Yoast SEO plugin. -->","yoast_head_json":{"title":"Inicio - La Peneria","robots":{"index":"index","follow":"follow","max-snippet":"max-snippet:-1","max-image-preview":"max-image-preview:large","max-video-preview":"max-video-preview:-1"},"canonical":"https:\/\/lapeneria.com\/","og_locale":"en_US","og_type":"article","og_title":"Inicio - La Peneria","og_description":"\u00a1Bienvenido a La Peneria, el sitio donde se encuentran la diversi\u00f3n los sabores y el contenido mas sexy! &nbsp; En La Peneria, no solo nos encanta endulzar tus d\u00edas, \u00a1tambi\u00e9n nos apasiona hacerlo de una manera divertida y traviesa! Somos un rinc\u00f3n culinario \u00fanico en el coraz\u00f3n de la vibrante Zona Rosa de Ciudad de [&hellip;]","og_url":"https:\/\/lapeneria.com\/","og_site_name":"La Peneria","article_publisher":"https:\/\/www.facebook.com\/LaPeneriaCDMX\/","article_modified_time":"2023-06-03T05:57:00+00:00","twitter_card":"summary_large_image","twitter_misc":{"Est. reading time":"2 minutes"},"schema":{"@context":"https:\/\/schema.org","@graph":[{"@type":"WebPage","@id":"https:\/\/lapeneria.com\/","url":"https:\/\/lapeneria.com\/","name":"Inicio - La Peneria","isPartOf":{"@id":"https:\/\/lapeneria.com\/#website"},"datePublished":"2023-05-25T05:40:06+00:00","dateModified":"2023-06-03T05:57:00+00:00","breadcrumb":{"@id":"https:\/\/lapeneria.com\/#breadcrumb"},"inLanguage":"en-US","potentialAction":[{"@type":"ReadAction","target":["https:\/\/lapeneria.com\/"]}]},{"@type":"BreadcrumbList","@id":"https:\/\/lapeneria.com\/#breadcrumb","itemListElement":[{"@type":"ListItem","position":1,"name":"Portada","item":"https:\/\/lapeneria.com\/"},{"@type":"ListItem","position":2,"name":"Inicio"}]},{"@type":"WebSite","@id":"https:\/\/lapeneria.com\/#website","url":"https:\/\/lapeneria.com\/","name":"La Peneria","description":"Wafles y paletas con forma de pene, vulva o senos. Penewaffles, Pitoletas, Peneluches, Booblewaffles, vulvawaffles  penewafles, peneladas, pitoletas, pelonpelonada, verwuafles, gofres de pene.","publisher":{"@id":"https:\/\/lapeneria.com\/#organization"},"potentialAction":[{"@type":"SearchAction","target":{"@type":"EntryPoint","urlTemplate":"https:\/\/lapeneria.com\/?s={search_term_string}"},"query-input":"required name=search_term_string"}],"inLanguage":"en-US"},{"@type":"Organization","@id":"https:\/\/lapeneria.com\/#organization","name":"La Peneria","url":"https:\/\/lapeneria.com\/","logo":{"@type":"ImageObject","inLanguage":"en-US","@id":"https:\/\/lapeneria.com\/#\/schema\/logo\/image\/","url":"https:\/\/lapeneria.com\/wp-content\/uploads\/2023\/05\/4.png","contentUrl":"https:\/\/lapeneria.com\/wp-content\/uploads\/2023\/05\/4.png","width":2560,"height":1440,"caption":"La Peneria"},"image":{"@id":"https:\/\/lapeneria.com\/#\/schema\/logo\/image\/"},"sameAs":["https:\/\/www.facebook.com\/LaPeneriaCDMX\/","https:\/\/www.instagram.com\/la.peneria.mx\/","https:\/\/www.youtube.com\/@LaPeneria"]}]}},"_links":{"self":[{"href":"https:\/\/lapeneria.com\/index.php\/wp-json\/wp\/v2\/pages\/10"}],"collection":[{"href":"https:\/\/lapeneria.com\/index.php\/wp-json\/wp\/v2\/pages"}],"about":[{"href":"https:\/\/lapeneria.com\/index.php\/wp-json\/wp\/v2\/types\/page"}],"author":[{"embeddable":true,"href":"https:\/\/lapeneria.com\/index.php\/wp-json\/wp\/v2\/users\/1"}],"replies":[{"embeddable":true,"href":"https:\/\/lapeneria.com\/index.php\/wp-json\/wp\/v2\/comments?post=10"}],"version-history":[{"count":16,"href":"https:\/\/lapeneria.com\/index.php\/wp-json\/wp\/v2\/pages\/10\/revisions"}],"predecessor-version":[{"id":178,"href":"https:\/\/lapeneria.com\/index.php\/wp-json\/wp\/v2\/pages\/10\/revisions\/178"}],"wp:attachment":[{"href":"https:\/\/lapeneria.com\/index.php\/wp-json\/wp\/v2\/media?parent=10"}],"curies":[{"name":"wp","href":"https:\/\/api.w.org\/{rel}","templated":true}]}}